{"id":2246,"date":"2025-10-29T10:11:00","date_gmt":"2025-10-29T09:11:00","guid":{"rendered":"https:\/\/arrozencaja.com\/tiendas\/colmenar\/?post_type=product&#038;p=2246"},"modified":"2025-10-29T10:22:43","modified_gmt":"2025-10-29T09:22:43","slug":"solomillo-de-iberico-relleno","status":"publish","type":"product","link":"https:\/\/arrozencaja.com\/tiendas\/colmenar\/product\/solomillo-de-iberico-relleno\/","title":{"rendered":"Solomillo de ib\u00e9rico relleno"},"content":{"rendered":"<p>Solomillo de ib\u00e9rico relleno de carne de ternera y magro ib\u00e9rico con ciruelas, huevo y un toque de vino dulce.<\/p>\n","protected":false},"excerpt":{"rendered":"<p>Calentar en microondas (700w) o sart\u00e9n durante 3 &#8211; 4 minutos.<\/p>\n<p><a href=\"https:\/\/www.arrozencaja.com\/arrozencajaMedia\/Carta\/QuintaGama\/Fichas\/FichaSolomillo.jpg\">Ver informaci\u00f3n alimentaria<\/a><\/p>\n","protected":false},"featured_media":2247,"template":"","meta":[],"product_brand":[],"product_cat":[133],"product_tag":[],"class_list":{"0":"post-2246","1":"product","2":"type-product","3":"status-publish","4":"has-post-thumbnail","6":"product_cat-recetas-gourmet","8":"first","9":"outofstock","10":"taxable","11":"shipping-taxable","12":"purchasable","13":"product-type-simple"},"_links":{"self":[{"href":"https:\/\/arrozencaja.com\/tiendas\/colmenar\/wp-json\/wp\/v2\/product\/2246","targetHints":{"allow":["GET"]}}],"collection":[{"href":"https:\/\/arrozencaja.com\/tiendas\/colmenar\/wp-json\/wp\/v2\/product"}],"about":[{"href":"https:\/\/arrozencaja.com\/tiendas\/colmenar\/wp-json\/wp\/v2\/types\/product"}],"wp:featuredmedia":[{"embeddable":true,"href":"https:\/\/arrozencaja.com\/tiendas\/colmenar\/wp-json\/wp\/v2\/media\/2247"}],"wp:attachment":[{"href":"https:\/\/arrozencaja.com\/tiendas\/colmenar\/wp-json\/wp\/v2\/media?parent=2246"}],"wp:term":[{"taxonomy":"product_brand","embeddable":true,"href":"https:\/\/arrozencaja.com\/tiendas\/colmenar\/wp-json\/wp\/v2\/product_brand?post=2246"},{"taxonomy":"product_cat","embeddable":true,"href":"https:\/\/arrozencaja.com\/tiendas\/colmenar\/wp-json\/wp\/v2\/product_cat?post=2246"},{"taxonomy":"product_tag","embeddable":true,"href":"https:\/\/arrozencaja.com\/tiendas\/colmenar\/wp-json\/wp\/v2\/product_tag?post=2246"}],"curies":[{"name":"wp","href":"https:\/\/api.w.org\/{rel}","templated":true}]}}