{"id":2233,"date":"2025-10-29T09:54:13","date_gmt":"2025-10-29T08:54:13","guid":{"rendered":"https:\/\/arrozencaja.com\/tiendas\/colmenar\/?post_type=product&#038;p=2233"},"modified":"2025-10-29T10:27:12","modified_gmt":"2025-10-29T09:27:12","slug":"albondigas-de-carne","status":"publish","type":"product","link":"https:\/\/arrozencaja.com\/tiendas\/colmenar\/product\/albondigas-de-carne\/","title":{"rendered":"Alb\u00f3ndigas de Carne"},"content":{"rendered":"<p>Mezcla de carne de ternera y carne de cerdo ib\u00e9rico en salsa de verduras.<\/p>\n","protected":false},"excerpt":{"rendered":"<p>Calentar en Microondas (700W) o sart\u00e9n durante 3 &#8211; 4 minutos y a\u00f1adir guarnici\u00f3n al gusto<\/p>\n<p><a href=\"https:\/\/www.arrozencaja.com\/arrozencajaMedia\/Carta\/QuintaGama\/Fichas\/FichaAlbondigas.jpg\">Ver informaci\u00f3n alimentaria<\/a><\/p>\n","protected":false},"featured_media":2234,"template":"","meta":[],"product_brand":[],"product_cat":[133],"product_tag":[],"class_list":{"0":"post-2233","1":"product","2":"type-product","3":"status-publish","4":"has-post-thumbnail","6":"product_cat-recetas-gourmet","8":"first","9":"outofstock","10":"taxable","11":"shipping-taxable","12":"purchasable","13":"product-type-simple"},"_links":{"self":[{"href":"https:\/\/arrozencaja.com\/tiendas\/colmenar\/wp-json\/wp\/v2\/product\/2233","targetHints":{"allow":["GET"]}}],"collection":[{"href":"https:\/\/arrozencaja.com\/tiendas\/colmenar\/wp-json\/wp\/v2\/product"}],"about":[{"href":"https:\/\/arrozencaja.com\/tiendas\/colmenar\/wp-json\/wp\/v2\/types\/product"}],"wp:featuredmedia":[{"embeddable":true,"href":"https:\/\/arrozencaja.com\/tiendas\/colmenar\/wp-json\/wp\/v2\/media\/2234"}],"wp:attachment":[{"href":"https:\/\/arrozencaja.com\/tiendas\/colmenar\/wp-json\/wp\/v2\/media?parent=2233"}],"wp:term":[{"taxonomy":"product_brand","embeddable":true,"href":"https:\/\/arrozencaja.com\/tiendas\/colmenar\/wp-json\/wp\/v2\/product_brand?post=2233"},{"taxonomy":"product_cat","embeddable":true,"href":"https:\/\/arrozencaja.com\/tiendas\/colmenar\/wp-json\/wp\/v2\/product_cat?post=2233"},{"taxonomy":"product_tag","embeddable":true,"href":"https:\/\/arrozencaja.com\/tiendas\/colmenar\/wp-json\/wp\/v2\/product_tag?post=2233"}],"curies":[{"name":"wp","href":"https:\/\/api.w.org\/{rel}","templated":true}]}}