{"id":445,"date":"2025-02-24T12:15:31","date_gmt":"2025-02-24T11:15:31","guid":{"rendered":"https:\/\/store.baanaloo.com\/1\/?page_id=445"},"modified":"2025-02-24T12:15:31","modified_gmt":"2025-02-24T11:15:31","slug":"politica-de-cookies","status":"publish","type":"page","link":"https:\/\/arrozencaja.com\/tiendas\/colmenar\/politica-de-cookies\/","title":{"rendered":"Pol\u00edtica de Cookies"},"content":{"rendered":"\t\t<div data-elementor-type=\"wp-page\" data-elementor-id=\"445\" class=\"elementor elementor-445\" data-elementor-post-type=\"page\">\n\t\t\t\t\t\t<section class=\"elementor-section elementor-top-section elementor-element elementor-element-5a01ea7 elementor-section-boxed elementor-section-height-default elementor-section-height-default\" data-id=\"5a01ea7\" data-element_type=\"section\" data-e-type=\"section\">\n\t\t\t\t\t\t<div class=\"elementor-container elementor-column-gap-default\">\n\t\t\t\t\t<div class=\"elementor-column elementor-col-100 elementor-top-column elementor-element elementor-element-454820d\" data-id=\"454820d\" data-element_type=\"column\" data-e-type=\"column\">\n\t\t\t<div class=\"elementor-widget-wrap elementor-element-populated\">\n\t\t\t\t\t\t<div class=\"elementor-element elementor-element-a4f5797 elementor-widget elementor-widget-text-editor\" data-id=\"a4f5797\" data-element_type=\"widget\" data-e-type=\"widget\" data-widget_type=\"text-editor.default\">\n\t\t\t\t<div class=\"elementor-widget-container\">\n\t\t\t\t\t\t\t\t\t\n<p id=\"block-99f954aa-86ca-4545-8114-4e56735a0735\">Una cookie es una peque\u00f1a informaci\u00f3n enviada por un sitio web y almacenada en el navegador del usuario, de manera que el sitio web puede consultar la actividad previa del usuario.<\/p>\n\n\n\n<p id=\"block-72c630a8-364d-4456-ac4a-c850e9d2f2f2\">Las cookies pueden ser borradas, aceptadas o bloqueadas seg\u00fan desee, para esto s\u00f3lo debe configurar convenientemente el navegador web.<\/p>\n\n\n\n<p id=\"block-8745eb2f-b61d-46fb-9ba1-8855523d32cc\">Un uso de las cookies es identificarse en un sitio web. Los usuarios normalmente se identifican introduciendo sus credenciales en una p\u00e1gina de validaci\u00f3n; las cookies permiten al servidor saber que el usuario ya est\u00e1 validado, y por lo tanto se le puede permitir acceder a servicios o realizar operaciones que est\u00e1n restringidas a usuarios no identificados.&nbsp;&nbsp;Otros sitios web utilizan las cookies para personalizar su aspecto seg\u00fan las preferencias del usuario.&nbsp;Los sitios que requieren identificaci\u00f3n a menudo ofrecen esta caracter\u00edstica, aunque tambi\u00e9n est\u00e1 presente en otros que no la requieren. La personalizaci\u00f3n incluye tanto presentaci\u00f3n como funcionalidad.<\/p>\n\n\n\n<p id=\"block-fdbef9c5-f88c-4afa-832b-142afcf743ce\">Las Cookies se utilizan tambi\u00e9n para realizar seguimientos de usuarios a lo largo de un sitio web. El seguimiento en un mismo sitio normalmente se hace con la intenci\u00f3n de mantener estad\u00edsticas de uso, mientras que el seguimiento entre sitios normalmente se orienta a la creaci\u00f3n de perfiles de usuarios an\u00f3nimos por parte de las compa\u00f1\u00edas de publicidad, que luego se usar\u00e1n para orientar campa\u00f1as publicitarias (decidir qu\u00e9 tipo de publicidad utilizar) basadas en perfiles de usuarios.<\/p>\n\t\t\t\t\t\t\t\t<\/div>\n\t\t\t\t<\/div>\n\t\t\t\t\t<\/div>\n\t\t<\/div>\n\t\t\t\t\t<\/div>\n\t\t<\/section>\n\t\t\t\t<\/div>\n\t\t","protected":false},"excerpt":{"rendered":"<p>Una cookie es una peque\u00f1a informaci\u00f3n enviada por un sitio web y almacenada en el navegador del usuario, de manera que el sitio web puede consultar la actividad previa del usuario. Las cookies pueden ser borradas, aceptadas o bloqueadas seg\u00fan desee, para esto s\u00f3lo debe configurar convenientemente el navegador web. Un uso de las cookies [&hellip;]<\/p>\n","protected":false},"author":1,"featured_media":0,"parent":0,"menu_order":0,"comment_status":"closed","ping_status":"closed","template":"","meta":{"footnotes":""},"class_list":["post-445","page","type-page","status-publish","hentry"],"_links":{"self":[{"href":"https:\/\/arrozencaja.com\/tiendas\/colmenar\/wp-json\/wp\/v2\/pages\/445","targetHints":{"allow":["GET"]}}],"collection":[{"href":"https:\/\/arrozencaja.com\/tiendas\/colmenar\/wp-json\/wp\/v2\/pages"}],"about":[{"href":"https:\/\/arrozencaja.com\/tiendas\/colmenar\/wp-json\/wp\/v2\/types\/page"}],"author":[{"embeddable":true,"href":"https:\/\/arrozencaja.com\/tiendas\/colmenar\/wp-json\/wp\/v2\/users\/1"}],"replies":[{"embeddable":true,"href":"https:\/\/arrozencaja.com\/tiendas\/colmenar\/wp-json\/wp\/v2\/comments?post=445"}],"version-history":[{"count":0,"href":"https:\/\/arrozencaja.com\/tiendas\/colmenar\/wp-json\/wp\/v2\/pages\/445\/revisions"}],"wp:attachment":[{"href":"https:\/\/arrozencaja.com\/tiendas\/colmenar\/wp-json\/wp\/v2\/media?parent=445"}],"curies":[{"name":"wp","href":"https:\/\/api.w.org\/{rel}","templated":true}]}}