{"id":1462,"date":"2025-08-22T19:19:17","date_gmt":"2025-08-22T17:19:17","guid":{"rendered":"https:\/\/arrozencaja.com\/tiendas\/colmenar\/?page_id=1462"},"modified":"2025-09-23T17:29:19","modified_gmt":"2025-09-23T15:29:19","slug":"politica-de-envios","status":"publish","type":"page","link":"https:\/\/arrozencaja.com\/tiendas\/colmenar\/politica-de-envios\/","title":{"rendered":"Pol\u00edtica de Env\u00edos"},"content":{"rendered":"\t\t<div data-elementor-type=\"wp-page\" data-elementor-id=\"1462\" class=\"elementor elementor-1462\" data-elementor-post-type=\"page\">\n\t\t\t\t\t\t<section class=\"elementor-section elementor-top-section elementor-element elementor-element-4987fc1 elementor-section-boxed elementor-section-height-default elementor-section-height-default\" data-id=\"4987fc1\" data-element_type=\"section\" data-e-type=\"section\">\n\t\t\t\t\t\t<div class=\"elementor-container elementor-column-gap-default\">\n\t\t\t\t\t<div class=\"elementor-column elementor-col-100 elementor-top-column elementor-element elementor-element-22e9b95\" data-id=\"22e9b95\" data-element_type=\"column\" data-e-type=\"column\">\n\t\t\t<div class=\"elementor-widget-wrap elementor-element-populated\">\n\t\t\t\t\t\t<div class=\"elementor-element elementor-element-541bea7 elementor-widget elementor-widget-text-editor\" data-id=\"541bea7\" data-element_type=\"widget\" data-e-type=\"widget\" data-widget_type=\"text-editor.default\">\n\t\t\t\t<div class=\"elementor-widget-container\">\n\t\t\t\t\t\t\t\t\t<p>Los env\u00edos a domicilio cuentan con un plazo m\u00ednimo de<strong> 65 Minutos <\/strong>en Arroces, Fideu\u00e1s y Asados desde su solicitud hasta su recepci\u00f3n.<\/p>\n<p><!-- \/wp:paragraph --><!-- wp:paragraph --><\/p>\n<p><!-- \/wp:paragraph --><!-- wp:paragraph --><\/p>\n<p><!-- \/wp:paragraph --><!-- wp:paragraph --><\/p>\n<p>(*) Los d\u00edas de reparto o los horarios de entrega pueden cambiar de forma puntual en cada establecimiento. La disponibilidad de horarios se presentar\u00e1 en el momento de realizar el pedido para una fecha en concreto y un c\u00f3digo postal definido.<\/p>\n<p><!-- \/wp:paragraph --><!-- wp:paragraph --><\/p>\n<p><!-- \/wp:paragraph --><!-- wp:paragraph --><\/p>\n<p>Las tarifas aplicadas seg\u00fan el \u00e1rea de reparto de <strong>Arroz en Caja<\/strong> son las siguientes:<\/p>\n<p><!-- \/wp:paragraph --><!-- wp:table {\"className\":\"is-style-stripes\"} --><\/p>\n<figure class=\"wp-block-table is-style-stripes\">\n<table>\n<tbody>\n<tr>\n<td>\u00c1VILA<\/td>\n<td>3,25\u20ac + IVA<\/td>\n<\/tr>\n<tr>\n<td>COLMENAR VIEJO<\/td>\n<td>3,25\u20ac + IVA<\/td>\n<\/tr>\n<tr>\n<td>TRES CANTOS<\/td>\n<td>3,25\u20ac + IVA<\/td>\n<\/tr>\n<\/tbody>\n<\/table>\n<\/figure>\n<p><!-- \/wp:table --><!-- wp:paragraph {\"align\":\"center\"} --><\/p>\n<p class=\"has-text-align-center\"><strong>El abono de los portes se efectuar\u00e1 en el momento de realizar el pedido.<\/strong><\/p>\n<p>\u00a0<\/p>\n<p><!-- \/wp:paragraph --><\/p>\t\t\t\t\t\t\t\t<\/div>\n\t\t\t\t<\/div>\n\t\t\t\t\t<\/div>\n\t\t<\/div>\n\t\t\t\t\t<\/div>\n\t\t<\/section>\n\t\t\t\t<\/div>\n\t\t","protected":false},"excerpt":{"rendered":"<p>Los env\u00edos a domicilio cuentan con un plazo m\u00ednimo de 65 Minutos en Arroces, Fideu\u00e1s y Asados desde su solicitud hasta su recepci\u00f3n. (*) Los d\u00edas de reparto o los horarios de entrega pueden cambiar de forma puntual en cada establecimiento. La disponibilidad de horarios se presentar\u00e1 en el momento de realizar el pedido para [&hellip;]<\/p>\n","protected":false},"author":1,"featured_media":0,"parent":0,"menu_order":0,"comment_status":"closed","ping_status":"closed","template":"","meta":{"footnotes":""},"class_list":["post-1462","page","type-page","status-publish","hentry"],"_links":{"self":[{"href":"https:\/\/arrozencaja.com\/tiendas\/colmenar\/wp-json\/wp\/v2\/pages\/1462","targetHints":{"allow":["GET"]}}],"collection":[{"href":"https:\/\/arrozencaja.com\/tiendas\/colmenar\/wp-json\/wp\/v2\/pages"}],"about":[{"href":"https:\/\/arrozencaja.com\/tiendas\/colmenar\/wp-json\/wp\/v2\/types\/page"}],"author":[{"embeddable":true,"href":"https:\/\/arrozencaja.com\/tiendas\/colmenar\/wp-json\/wp\/v2\/users\/1"}],"replies":[{"embeddable":true,"href":"https:\/\/arrozencaja.com\/tiendas\/colmenar\/wp-json\/wp\/v2\/comments?post=1462"}],"version-history":[{"count":7,"href":"https:\/\/arrozencaja.com\/tiendas\/colmenar\/wp-json\/wp\/v2\/pages\/1462\/revisions"}],"predecessor-version":[{"id":1774,"href":"https:\/\/arrozencaja.com\/tiendas\/colmenar\/wp-json\/wp\/v2\/pages\/1462\/revisions\/1774"}],"wp:attachment":[{"href":"https:\/\/arrozencaja.com\/tiendas\/colmenar\/wp-json\/wp\/v2\/media?parent=1462"}],"curies":[{"name":"wp","href":"https:\/\/api.w.org\/{rel}","templated":true}]}}